{"id":1989,"date":"2021-09-27T10:28:23","date_gmt":"2021-09-27T08:28:23","guid":{"rendered":"https:\/\/www.igcsrl.eu\/privacy-policy\/"},"modified":"2022-06-07T08:13:03","modified_gmt":"2022-06-07T06:13:03","slug":"privacy-policy","status":"publish","type":"page","link":"https:\/\/www.igcsrl.eu\/it\/privacy-policy\/","title":{"rendered":"Privacy policy"},"content":{"rendered":"<div class=\"fusion-fullwidth fullwidth-box fusion-builder-row-1 fusion-flex-container nonhundred-percent-fullwidth non-hundred-percent-height-scrolling\" style=\"--awb-border-radius-top-left:0px;--awb-border-radius-top-right:0px;--awb-border-radius-bottom-right:0px;--awb-border-radius-bottom-left:0px;--awb-flex-wrap:wrap;\" ><div class=\"fusion-builder-row fusion-row fusion-flex-align-items-flex-start fusion-flex-content-wrap\" style=\"max-width:1248px;margin-left: calc(-4% \/ 2 );margin-right: calc(-4% \/ 2 );\"><div class=\"fusion-layout-column fusion_builder_column fusion-builder-column-0 fusion_builder_column_1_1 1_1 fusion-flex-column\" style=\"--awb-bg-size:cover;--awb-width-large:100%;--awb-margin-top-large:0px;--awb-spacing-right-large:1.92%;--awb-margin-bottom-large:0px;--awb-spacing-left-large:1.92%;--awb-width-medium:100%;--awb-spacing-right-medium:1.92%;--awb-spacing-left-medium:1.92%;--awb-width-small:100%;--awb-spacing-right-small:1.92%;--awb-spacing-left-small:1.92%;\"><div class=\"fusion-column-wrapper fusion-flex-justify-content-flex-start fusion-content-layout-column\"><div class=\"fusion-text fusion-text-1\" style=\"--awb-text-transform:none;\"><h4 class=\"p2\" style=\"text-align: center;\">INFORMAZIONI SUL TRATTAMENTO DEI DATI PERSONALI<\/h4>\n<h4 class=\"p2\" style=\"text-align: center;\">degli utenti che consultano i siti web www.igcsrl.eu, www.igcsrl.it ai sensi dell&#8217;articolo 13 del Regolamento (UE) 2016\/679<\/h4>\n<h5 class=\"p3\">PERCH\u00c9 QUESTE INFORMAZIONI<\/h5>\n<p class=\"p3\">modalit\u00e0 di trattamento dei dati personali degli utenti che consultano il sito web della IGC srl (di seguito &#8220;Titolare&#8221;) accessibili per via telematica ai seguenti indirizzi: \u2022 www.igcsrl.eu \u2022 www.igcsrl.it Le presenti informazioni non riguardano altri siti, pagine o servizi online raggiungibili tramite link ipertestuali eventualmente pubblicati nei siti ma riferiti a risorse esterne al dominio del Titolare.<\/p>\n<h5 class=\"p4\">TITOLARE DEL TRATTAMENTO<\/h5>\n<p class=\"p4\">A seguito della consultazione dei siti sopra elencati possono essere trattati dati relativi a persone fisiche identificate o identificabili. Titolare del trattamento \u00e8 la IGC srl, con sede in Via Millefonti 24, IT-10126, Torino (Email: <span class=\"s1\">info@igcsrl.eu)<\/span>.<\/p>\n<h5 class=\"p6\">TIPI DI DATI TRATTATI E FINALIT\u00c0 DEL TRATTAMENTO<\/h5>\n<p class=\"p6\">Dati di navigazione I sistemi informatici e le procedure software preposte al funzionamento di questo sito acquisiscono, nel corso del loro normale esercizio, alcuni dati personali la cui trasmissione \u00e8 implicita nell&#8217;uso dei protocolli di comunicazione di Internet. In questa categoria di dati rientrano gli indirizzi IP o i nomi a dominio dei computer e dei terminali utilizzati dagli utenti, gli indirizzi in notazione URI\/URL (Uniform Resource Identifier\/Locator) delle risorse richieste, l&#8217;orario della richiesta, il metodo utilizzato nel sottoporre la richiesta al server, la dimensione del file ottenuto in risposta, il codice numerico indicante lo stato della risposta data dal server (buon fine, errore, ecc.) ed altri parametri relativi al sistema operativo e all&#8217;ambiente informatico dell&#8217;utente. Tali dati, necessari per la fruizione dei servizi web, vengono anche trattati allo scopo di: &#8211; ottenere informazioni statistiche sull&#8217;uso dei servizi (pagine pi\u00f9 visitate, numero di visitatori per fascia oraria o giornaliera, aree geografiche di provenienza, ecc.); &#8211; controllare il corretto funzionamento dei servizi offerti.<\/p>\n<p class=\"p3\"><i><strong>Dati comunicati dall&#8217;utente<\/strong><\/i><\/p>\n<p class=\"p3\">L&#8217;invio facoltativo, esplicito e volontario di messaggi agli indirizzi di contatto del Titolare, i messaggi privati inviati dagli utenti ai profili\/pagine istituzionali sui social media (laddove questa possibilit\u00e0 sia prevista), comportano l&#8217;acquisizione dei dati di contatto del mittente, necessari a rispondere, nonch\u00e9 di tutti i dati personali inclusi nelle comunicazioni. Specifiche informative verranno pubblicate nelle pagine dei siti del Titolare predisposte per l&#8217;erogazione di determinati servizi.<\/p>\n<p class=\"p3\"><i><strong>Periodo di conservazione dei dati<\/strong><\/i><\/p>\n<p class=\"p3\">Il Titolare del trattamento intende conservare i dati personali per un arco di tempo non superiore rispetto a quello necessario per il conseguimento delle finalit\u00e0 per i quali sono stati raccolti e trattati. Quando non \u00e8 possibile determinare con precisione il periodo di conservazione dei dati personali, il Titolare del trattamento si impegna fin da ora ad ispirare il trattamento dei dati personali ai principi di adeguatezza, pertinenza e minimizzazione dei dati, cos\u00ec come richiesto dal Regolamento Europeo, verificando periodicamente la necessit\u00e0 della loro conservazione. Pertanto, una volta raggiunte le finalit\u00e0 per le quali sono stati raccolti e trattatati, li rimuover\u00e0 dai propri sistemi e registri e\/o prender\u00e0 le opportune misure per renderli anonimi, cos\u00ec da impedire che l\u2019interessato possa essere identificato. Ci\u00f2, fatto salvo il caso in cui sia necessario mantenere tali dati per adempire ad obblighi normativi, oppure per accertare, esercitare o difendere un proprio diritto in sede giudiziaria.<\/p>\n<p class=\"p3\"><strong><i>Cookie e altri sistemi di tracciamento<\/i> <\/strong><\/p>\n<p class=\"p3\">Non viene fatto uso di cookie per la profilazione degli utenti. L\u2019unico trattamento effettuato riguarda la produzione di statistiche, con dati pseudonimizzati, sulla navigazione nei siti www.igcsrl.eu, www.igcsrl.it. La configurazione adottata, in modo da escludere trattamenti di dati identificativi, raccoglie le seguenti informazioni:  <\/p>\n<ul>\n<li class=\"p3\">L\u2019indirizzo IP, che viene mascherato azzerando gli ultimi 2 byte (xxx.xxx.0.0)<\/li>\n<li class=\"p3\">Il sistema operativo utilizzato<\/li>\n<li class=\"p3\">The type of browser<\/li>\n<li class=\"p3\">Il tipo di dispositivo (PC, smartphone, etc.)<\/li>\n<\/ul>\n<p class=\"p3\">Viene fatto uso di cookie tecnici di sessione (non persistenti), in modo strettamente limitato a quanto necessario per la navigazione sicura ed efficiente dei siti. Circa i trattamenti di dati personali effettuati dai gestori delle piattaforme di Social Media utilizzate dal Titolare si rimanda alle informazioni da questi rese attraverso le rispettive privacy policy. Il Titolare tratta i dati personali conferiti dall&#8217;utenza attraverso le pagine delle piattaforme di Social Media dedicate, esclusivamente per gestire le interazioni con l&#8217;utenza (commenti, post pubblici, etc.) e nel rispetto della normativa vigente. <\/p>\n<h5 class=\"p6\">DESTINATARI DEI DATI<\/h5>\n<p class=\"p6\">Sono destinatari dei dati raccolti a seguito della consultazione di alcuni dei servizi sopra elencati i soggetti designati dal Titolare, ai sensi dell&#8217;articolo 28 del Regolamento, quali responsabili del trattamento. Su richiesta \u00e8 disponibile l\u2019elenco. I dati personali raccolti sono altres\u00ec trattati dal personale del Titolare, che agisce sulla base di specifiche istruzioni fornite in ordine a finalit\u00e0 e modalit\u00e0 del trattamento medesimo.  <\/p>\n<h5 class=\"p8\">DIRITTI DEGLI INTERESSATI<\/h5>\n<p class=\"p8\">Gli interessati hanno il diritto di ottenere dal Titolare, nei casi previsti, l&#8217;accesso ai propri dati personali e la rettifica o la cancellazione degli stessi o la limitazione del trattamento che li riguarda o di opporsi al trattamento (artt. 15 e ss. del Regolamento). L\u2019istanza \u00e8 presentata contattando il Titolare tramite una delle seguenti modalit\u00e0: \u2022 <b>mail: info@igcsrl.eu \u2022 lettera : IGC srl Via Millefonti 24, IT-10126, Torino<\/b> <\/p>\n<h5 class=\"p10\">DIRITTO DI RECLAMO<\/h5>\n<p class=\"p10\">Gli interessati che ritengono che il trattamento dei dati personali a loro riferiti effettuato attraverso questo sito avvenga in violazione di quanto previsto dal Regolamento hanno il diritto di proporre reclamo al Garante, come previsto dall&#8217;art. 77 del Regolamento stesso, o di adire le opportune sedi giudiziarie (art. 79 del Regolamento).<\/p>\n<h4><\/h4>\n<h4 class=\"p1\" style=\"text-align: center;\">EVENTI E CORSI \u2013 ISCRIZIONE<\/h4>\n<h4 class=\"p1\" style=\"text-align: center;\">INFORMATIVA PER IL TRATTAMENTO DEI DATI PERSONALI AI FINI DI ISCRIZIONE A EVENTI O CORSI IGC SRL<\/h4>\n<p class=\"p1\">Ai sensi del Regolamento UE 2016\/679 (di seguito GDPR) e in relazione ai dati personali di cui IGC SRL entrer\u00e0 in possesso a seguito della sua richiesta di informazioni tramite il modulo on line \u201cRichiesta Informazioni\u201d o \u201cParliamo\u201d del sito www.igcsrl.eu, La informiamo di quanto segue.<\/p>\n<p class=\"p1\"><b>1. Titolare del trattamento<\/b><\/p>\n<p class=\"p1\">Il Titolare del trattamento \u00e8 IGC SRL, con sede legale in Via Millefonti n.24 &#8211; 10126 Torino (TO) &#8211; P. IVA 06731130016.<\/p>\n<p class=\"p1\">Per informazioni, il Titolare pu\u00f2 essere contattato all&#8217;indirizzo email igc@igcsrl.eu.<\/p>\n<p class=\"p1\"><b>2. Finalit\u00e0 e base giuridica del trattamento<\/b><\/p>\n<p class=\"p1\">I suoi dati personali (nome, cognome, indirizzo di posta elettronica, regione e, per i corsi, anche indirizzo, CAP, citt\u00e0, provincia, telefono, quota e dati di fatturazione se previsto il pagamento) saranno utilizzati, previo Suo esplicito consenso comunicato in questa pagina, per le seguenti finalit\u00e0: <\/p>\n<p class=\"p1\">a) iscrizione all\u2019evento o al corso di IGC SRL prescelto;<\/p>\n<p class=\"p1\">b) invio tramite mail o altro mezzo (informatico, elettronico, cartaceo) di comunicazioni promozionali riguardanti le attivit\u00e0 che l\u2019azienda svolge e i servizi offerti, anche a fini statistici e di indagini.<\/p>\n<p class=\"p1\">Si precisa che il consenso dato pu\u00f2 essere revocato in qualsiasi momento cliccando sul link presente in ogni mail inviata, senza pregiudicare la liceit\u00e0 del trattamento effettuato fino al momento della revoca.<\/p>\n<p class=\"p1\"><b>3. Destinatari e trasferimenti al di fuori dell&#8217;Unione Europea<\/b><\/p>\n<p class=\"p1\">I suoi dati personali non saranno comunicati a terzi o rivenduti per nessun motivo. L&#8217;archivio elettronico relativo alle comunicazioni promozionali \u00e8 conservato sul territorio italiano e di conseguenza non avviene nessun trasferimento di dati personali al di fuori dell&#8217;Italia. <\/p>\n<p class=\"p1\"><b>4. Periodo di conservazione<\/b><\/p>\n<p class=\"p1\">I dati personali raccolti per la finalit\u00e0 oggetto di questa informativa verranno conservati fino alla revoca del consenso di cui al punto 2, salvo che le stesse informazioni non siano oggetto di altri trattamenti da parte del Titolare stesso. In ogni caso, alla revoca del consenso i dati non verranno pi\u00f9 trattati per la finalit\u00e0 descritta al punto 2. <\/p>\n<p class=\"p1\"><b>5. Diritti dell&#8217;interessato<\/b><\/p>\n<p class=\"p1\">In qualit\u00e0 di interessato, Lei possiede i diritti di cui al Capo III del GDPR e, in particolare, i diritti di cui agli Artt. dal 15 al 22 al fine di ottenere in forma intelligibile, concisa trasparente e facilmente accessibile:<\/p>\n<p class=\"p1\">a) la conferma che sia o meno in corso un trattamento di Suoi dati personali e, in tal caso, di ottenerne l\u2019accesso (diritto di accesso);<\/p>\n<p class=\"p1\">b) la rettifica dei dati personali inesatti o l\u2019integrazione dei dati personali incompleti (diritto di rettifica);<\/p>\n<p class=\"p1\">c) la cancellazione dei dati stessi, se sussiste uno dei motivi previsti dal Regolamento (diritto all\u2019oblio)<\/p>\n<p class=\"p1\">d) la limitazione del trattamento, quando ricorre una delle ipotesi previste dal Regolamento (diritto di limitazione);<\/p>\n<p class=\"p1\">e) di ricevere in un formato strutturato, di uso comune e leggibile da dispositivo informatico, i dati personali da Lei forniti al Titolare del trattamento e di trasmettere tali dati ad altro titolare (diritto alla portabilit\u00e0).<\/p>\n<p class=\"p1\">Inoltre, Lei potr\u00e0 opporsi in qualsiasi momento al trattamento dei suoi dati personali ed esercitare il diritto di non essere sottoposto a decisioni basate su processi decisionali automatici ivi compresa la profilazione.<\/p>\n<p class=\"p1\">Infine, desideriamo informarla che ha diritto di proporre reclamo all&#8217;autorit\u00e0 di controllo (Art. 77).<\/p>\n<p class=\"p1\"><b>6. Modalit\u00e0 di esercizio dei diritti<\/b><\/p>\n<p class=\"p1\">Potr\u00e0 in qualsiasi momento esercitare i suoi diritti inviando una comunicazione via email all\u2019indirizzo igc@igcsrl.eu, indicando quali intende ottenere.<\/p>\n<p class=\"p1\"><b>7. Obbligo di comunicazione<\/b><\/p>\n<p class=\"p1\">Il consenso al trattamento per le finalit\u00e0 di cui al punto 2 non \u00e8 obbligatorio e non pregiudica l&#8217;erogazione di altri servizi da parte di IGC SRL<\/p>\n<p class=\"p1\"><b>8. Esistenza di processi decisionali automatizzati<\/b><\/p>\n<p class=\"p1\">Nessun processo di decisione automatizzato sar\u00e0 basato sui dati comunicati per il trattamento oggetto della presente informativa. Ultimo aggiornamento: 23.05.2018<\/p>\n<p class=\"p1\"><b>Informazioni di contatto <\/b><\/p>\n<p class=\"p1\"><b>itolare del Trattamento dei Dati IGC SRL \u2013 IGC SRL Via Millefonti n. 24 \u2013 10126 Torino Indirizzo email del Titolare: igc@igcsrl.eu <\/b><\/p>\n<\/div><\/div><\/div><\/div><\/div>\n","protected":false},"excerpt":{"rendered":"","protected":false},"author":1,"featured_media":0,"parent":0,"menu_order":0,"comment_status":"closed","ping_status":"open","template":"","meta":{"footnotes":""},"class_list":["post-1989","page","type-page","status-publish","hentry"],"yoast_head":"<!-- This site is optimized with the Yoast SEO plugin v27.6 - https:\/\/yoast.com\/product\/yoast-seo-wordpress\/ -->\n<title>Privacy policy - IGC SRL<\/title>\n<meta name=\"robots\" content=\"index, follow, max-snippet:-1, max-image-preview:large, max-video-preview:-1\" \/>\n<link rel=\"canonical\" href=\"https:\/\/www.igcsrl.eu\/it\/privacy-policy\/\" \/>\n<meta property=\"og:locale\" content=\"it_IT\" \/>\n<meta property=\"og:type\" content=\"article\" \/>\n<meta property=\"og:title\" content=\"Privacy policy - IGC SRL\" \/>\n<meta property=\"og:url\" content=\"https:\/\/www.igcsrl.eu\/it\/privacy-policy\/\" \/>\n<meta property=\"og:site_name\" content=\"IGC SRL\" \/>\n<meta property=\"article:modified_time\" content=\"2022-06-07T06:13:03+00:00\" \/>\n<meta name=\"twitter:card\" content=\"summary_large_image\" \/>\n<meta name=\"twitter:label1\" content=\"Tempo di lettura stimato\" \/>\n\t<meta name=\"twitter:data1\" content=\"9 minuti\" \/>\n<script type=\"application\/ld+json\" class=\"yoast-schema-graph\">{\"@context\":\"https:\\\/\\\/schema.org\",\"@graph\":[{\"@type\":\"WebPage\",\"@id\":\"https:\\\/\\\/www.igcsrl.eu\\\/it\\\/privacy-policy\\\/\",\"url\":\"https:\\\/\\\/www.igcsrl.eu\\\/it\\\/privacy-policy\\\/\",\"name\":\"Privacy policy - IGC SRL\",\"isPartOf\":{\"@id\":\"https:\\\/\\\/www.igcsrl.eu\\\/it\\\/#website\"},\"datePublished\":\"2021-09-27T08:28:23+00:00\",\"dateModified\":\"2022-06-07T06:13:03+00:00\",\"breadcrumb\":{\"@id\":\"https:\\\/\\\/www.igcsrl.eu\\\/it\\\/privacy-policy\\\/#breadcrumb\"},\"inLanguage\":\"it-IT\",\"potentialAction\":[{\"@type\":\"ReadAction\",\"target\":[\"https:\\\/\\\/www.igcsrl.eu\\\/it\\\/privacy-policy\\\/\"]}]},{\"@type\":\"BreadcrumbList\",\"@id\":\"https:\\\/\\\/www.igcsrl.eu\\\/it\\\/privacy-policy\\\/#breadcrumb\",\"itemListElement\":[{\"@type\":\"ListItem\",\"position\":1,\"name\":\"Home\",\"item\":\"https:\\\/\\\/www.igcsrl.eu\\\/it\\\/\"},{\"@type\":\"ListItem\",\"position\":2,\"name\":\"Privacy policy\"}]},{\"@type\":\"WebSite\",\"@id\":\"https:\\\/\\\/www.igcsrl.eu\\\/it\\\/#website\",\"url\":\"https:\\\/\\\/www.igcsrl.eu\\\/it\\\/\",\"name\":\"IGC SRL\",\"description\":\"MANEGEMENT BY OBJECTIVES\",\"publisher\":{\"@id\":\"https:\\\/\\\/www.igcsrl.eu\\\/it\\\/#organization\"},\"potentialAction\":[{\"@type\":\"SearchAction\",\"target\":{\"@type\":\"EntryPoint\",\"urlTemplate\":\"https:\\\/\\\/www.igcsrl.eu\\\/it\\\/?s={search_term_string}\"},\"query-input\":{\"@type\":\"PropertyValueSpecification\",\"valueRequired\":true,\"valueName\":\"search_term_string\"}}],\"inLanguage\":\"it-IT\"},{\"@type\":\"Organization\",\"@id\":\"https:\\\/\\\/www.igcsrl.eu\\\/it\\\/#organization\",\"name\":\"IGC\",\"url\":\"https:\\\/\\\/www.igcsrl.eu\\\/it\\\/\",\"logo\":{\"@type\":\"ImageObject\",\"inLanguage\":\"it-IT\",\"@id\":\"https:\\\/\\\/www.igcsrl.eu\\\/it\\\/#\\\/schema\\\/logo\\\/image\\\/\",\"url\":\"https:\\\/\\\/www.igcsrl.eu\\\/wp-content\\\/uploads\\\/2021\\\/09\\\/igc-logo-140.png\",\"contentUrl\":\"https:\\\/\\\/www.igcsrl.eu\\\/wp-content\\\/uploads\\\/2021\\\/09\\\/igc-logo-140.png\",\"width\":616,\"height\":140,\"caption\":\"IGC\"},\"image\":{\"@id\":\"https:\\\/\\\/www.igcsrl.eu\\\/it\\\/#\\\/schema\\\/logo\\\/image\\\/\"}}]}<\/script>\n<!-- \/ Yoast SEO plugin. -->","yoast_head_json":{"title":"Privacy policy - IGC SRL","robots":{"index":"index","follow":"follow","max-snippet":"max-snippet:-1","max-image-preview":"max-image-preview:large","max-video-preview":"max-video-preview:-1"},"canonical":"https:\/\/www.igcsrl.eu\/it\/privacy-policy\/","og_locale":"it_IT","og_type":"article","og_title":"Privacy policy - IGC SRL","og_url":"https:\/\/www.igcsrl.eu\/it\/privacy-policy\/","og_site_name":"IGC SRL","article_modified_time":"2022-06-07T06:13:03+00:00","twitter_card":"summary_large_image","twitter_misc":{"Tempo di lettura stimato":"9 minuti"},"schema":{"@context":"https:\/\/schema.org","@graph":[{"@type":"WebPage","@id":"https:\/\/www.igcsrl.eu\/it\/privacy-policy\/","url":"https:\/\/www.igcsrl.eu\/it\/privacy-policy\/","name":"Privacy policy - IGC SRL","isPartOf":{"@id":"https:\/\/www.igcsrl.eu\/it\/#website"},"datePublished":"2021-09-27T08:28:23+00:00","dateModified":"2022-06-07T06:13:03+00:00","breadcrumb":{"@id":"https:\/\/www.igcsrl.eu\/it\/privacy-policy\/#breadcrumb"},"inLanguage":"it-IT","potentialAction":[{"@type":"ReadAction","target":["https:\/\/www.igcsrl.eu\/it\/privacy-policy\/"]}]},{"@type":"BreadcrumbList","@id":"https:\/\/www.igcsrl.eu\/it\/privacy-policy\/#breadcrumb","itemListElement":[{"@type":"ListItem","position":1,"name":"Home","item":"https:\/\/www.igcsrl.eu\/it\/"},{"@type":"ListItem","position":2,"name":"Privacy policy"}]},{"@type":"WebSite","@id":"https:\/\/www.igcsrl.eu\/it\/#website","url":"https:\/\/www.igcsrl.eu\/it\/","name":"IGC SRL","description":"MANEGEMENT BY OBJECTIVES","publisher":{"@id":"https:\/\/www.igcsrl.eu\/it\/#organization"},"potentialAction":[{"@type":"SearchAction","target":{"@type":"EntryPoint","urlTemplate":"https:\/\/www.igcsrl.eu\/it\/?s={search_term_string}"},"query-input":{"@type":"PropertyValueSpecification","valueRequired":true,"valueName":"search_term_string"}}],"inLanguage":"it-IT"},{"@type":"Organization","@id":"https:\/\/www.igcsrl.eu\/it\/#organization","name":"IGC","url":"https:\/\/www.igcsrl.eu\/it\/","logo":{"@type":"ImageObject","inLanguage":"it-IT","@id":"https:\/\/www.igcsrl.eu\/it\/#\/schema\/logo\/image\/","url":"https:\/\/www.igcsrl.eu\/wp-content\/uploads\/2021\/09\/igc-logo-140.png","contentUrl":"https:\/\/www.igcsrl.eu\/wp-content\/uploads\/2021\/09\/igc-logo-140.png","width":616,"height":140,"caption":"IGC"},"image":{"@id":"https:\/\/www.igcsrl.eu\/it\/#\/schema\/logo\/image\/"}}]}},"_links":{"self":[{"href":"https:\/\/www.igcsrl.eu\/it\/wp-json\/wp\/v2\/pages\/1989","targetHints":{"allow":["GET"]}}],"collection":[{"href":"https:\/\/www.igcsrl.eu\/it\/wp-json\/wp\/v2\/pages"}],"about":[{"href":"https:\/\/www.igcsrl.eu\/it\/wp-json\/wp\/v2\/types\/page"}],"author":[{"embeddable":true,"href":"https:\/\/www.igcsrl.eu\/it\/wp-json\/wp\/v2\/users\/1"}],"replies":[{"embeddable":true,"href":"https:\/\/www.igcsrl.eu\/it\/wp-json\/wp\/v2\/comments?post=1989"}],"version-history":[{"count":2,"href":"https:\/\/www.igcsrl.eu\/it\/wp-json\/wp\/v2\/pages\/1989\/revisions"}],"predecessor-version":[{"id":2002,"href":"https:\/\/www.igcsrl.eu\/it\/wp-json\/wp\/v2\/pages\/1989\/revisions\/2002"}],"wp:attachment":[{"href":"https:\/\/www.igcsrl.eu\/it\/wp-json\/wp\/v2\/media?parent=1989"}],"curies":[{"name":"wp","href":"https:\/\/api.w.org\/{rel}","templated":true}]}}